{"id":54,"date":"2018-03-06T13:26:23","date_gmt":"2018-03-06T13:26:23","guid":{"rendered":"http:\/\/proyectoscpiocruce.com\/wordpress_proem\/?page_id=54"},"modified":"2018-04-17T08:42:01","modified_gmt":"2018-04-17T08:42:01","slug":"facilidades","status":"publish","type":"page","link":"http:\/\/proyectoscpiocruce.com\/wordpress_proem\/facilidades\/","title":{"rendered":"Impresi\u00f3n textil"},"content":{"rendered":"<p><a href=\"http:\/\/proyectoscpiocruce.com\/wordpress_proem\/wp-content\/uploads\/2018\/04\/camiseta.png\"><img decoding=\"async\" loading=\"lazy\" class=\"size-medium wp-image-150 alignleft\" src=\"http:\/\/proyectoscpiocruce.com\/wordpress_proem\/wp-content\/uploads\/2018\/04\/camiseta-225x300.png\" alt=\"\" width=\"225\" height=\"300\" srcset=\"http:\/\/proyectoscpiocruce.com\/wordpress_proem\/wp-content\/uploads\/2018\/04\/camiseta-225x300.png 225w, http:\/\/proyectoscpiocruce.com\/wordpress_proem\/wp-content\/uploads\/2018\/04\/camiseta-768x1024.png 768w\" sizes=\"(max-width: 225px) 100vw, 225px\" \/><\/a><strong>En esta rama de nuestra empresa nos vamos a dedicar a plasmar en cualquier fondo textil tanto sea una bolsa, un mandil\u00f3n o una camiseta.<\/strong><\/p>\n<p><strong>El dise\u00f1o que quieras plasmar en ese fondo textil lo puedes elegir usted mismo o si no escoger uno en nuestro cat\u00e1logo de dise\u00f1os para impresi\u00f3n textil.<\/strong><\/p>\n","protected":false},"excerpt":{"rendered":"<p>En esta rama de nuestra empresa nos vamos a dedicar a plasmar en cualquier fondo textil tanto sea una bolsa, un mandil\u00f3n o una camiseta. El dise\u00f1o que quieras plasmar en ese fondo textil lo puedes elegir usted mismo o si no escoger uno en nuestro cat\u00e1logo de dise\u00f1os para impresi\u00f3n textil.<\/p>\n","protected":false},"author":1,"featured_media":0,"parent":0,"menu_order":0,"comment_status":"closed","ping_status":"closed","template":"","meta":{"footnotes":""},"_links":{"self":[{"href":"http:\/\/proyectoscpiocruce.com\/wordpress_proem\/wp-json\/wp\/v2\/pages\/54"}],"collection":[{"href":"http:\/\/proyectoscpiocruce.com\/wordpress_proem\/wp-json\/wp\/v2\/pages"}],"about":[{"href":"http:\/\/proyectoscpiocruce.com\/wordpress_proem\/wp-json\/wp\/v2\/types\/page"}],"author":[{"embeddable":true,"href":"http:\/\/proyectoscpiocruce.com\/wordpress_proem\/wp-json\/wp\/v2\/users\/1"}],"replies":[{"embeddable":true,"href":"http:\/\/proyectoscpiocruce.com\/wordpress_proem\/wp-json\/wp\/v2\/comments?post=54"}],"version-history":[{"count":9,"href":"http:\/\/proyectoscpiocruce.com\/wordpress_proem\/wp-json\/wp\/v2\/pages\/54\/revisions"}],"predecessor-version":[{"id":162,"href":"http:\/\/proyectoscpiocruce.com\/wordpress_proem\/wp-json\/wp\/v2\/pages\/54\/revisions\/162"}],"wp:attachment":[{"href":"http:\/\/proyectoscpiocruce.com\/wordpress_proem\/wp-json\/wp\/v2\/media?parent=54"}],"curies":[{"name":"wp","href":"https:\/\/api.w.org\/{rel}","templated":true}]}}