{"id":52,"date":"2018-03-06T13:26:07","date_gmt":"2018-03-06T13:26:07","guid":{"rendered":"http:\/\/proyectoscpiocruce.com\/wordpress_proem\/?page_id=52"},"modified":"2018-04-17T08:40:16","modified_gmt":"2018-04-17T08:40:16","slug":"contacto","status":"publish","type":"page","link":"http:\/\/proyectoscpiocruce.com\/wordpress_proem\/contacto\/","title":{"rendered":"Contacto"},"content":{"rendered":"<p><span><strong>Somos\u00a0 el grupo Secci\u00f3n Biling\u00fce\u00a0 de 3\u00ba de ESO . Participamos en el Proyecto PROEM\u00a0 que est\u00e1 coordinado por la Asociaci\u00f3n de empresarios de Sab\u00f3n y la Diputaci\u00f3n provincial de A Coru\u00f1a.<\/strong><\/span><\/p>\n<p><span><strong>Hemos creado la empresa X- Designs\u00a0 que cuenta con dos secciones: 3D y Textil. Si est\u00e1s interesado en nuestros productos puedes contactarnos por tel\u00e9fono o por e-mail<\/strong><\/span><\/p>\n<p><span><strong>Correo electronico: proem18cerceda@gmail.com<\/strong><\/span><\/p>\n<p><span><strong>Tel\u00e9fono de contacto:\u00a0\u00a0\u00a0 881 88 05 01<\/strong><\/span><\/p>\n<p><span><strong>Estamos situados en: Campo da Feira de Cerceda<\/strong><\/span><\/p>\n","protected":false},"excerpt":{"rendered":"<p>Somos\u00a0 el grupo Secci\u00f3n Biling\u00fce\u00a0 de 3\u00ba de ESO . Participamos en el Proyecto PROEM\u00a0 que est\u00e1 coordinado por la Asociaci\u00f3n de empresarios de Sab\u00f3n y la Diputaci\u00f3n provincial de A Coru\u00f1a. Hemos creado la empresa X- Designs\u00a0 que cuenta con dos secciones: 3D y Textil. Si est\u00e1s interesado en nuestros productos puedes contactarnos por &hellip; <\/p>\n<p class=\"link-more\"><a href=\"http:\/\/proyectoscpiocruce.com\/wordpress_proem\/contacto\/\" class=\"more-link\">Continuar leyendo<span class=\"screen-reader-text\"> \u00abContacto\u00bb<\/span><\/a><\/p>\n","protected":false},"author":1,"featured_media":0,"parent":0,"menu_order":0,"comment_status":"closed","ping_status":"closed","template":"","meta":{"footnotes":""},"_links":{"self":[{"href":"http:\/\/proyectoscpiocruce.com\/wordpress_proem\/wp-json\/wp\/v2\/pages\/52"}],"collection":[{"href":"http:\/\/proyectoscpiocruce.com\/wordpress_proem\/wp-json\/wp\/v2\/pages"}],"about":[{"href":"http:\/\/proyectoscpiocruce.com\/wordpress_proem\/wp-json\/wp\/v2\/types\/page"}],"author":[{"embeddable":true,"href":"http:\/\/proyectoscpiocruce.com\/wordpress_proem\/wp-json\/wp\/v2\/users\/1"}],"replies":[{"embeddable":true,"href":"http:\/\/proyectoscpiocruce.com\/wordpress_proem\/wp-json\/wp\/v2\/comments?post=52"}],"version-history":[{"count":10,"href":"http:\/\/proyectoscpiocruce.com\/wordpress_proem\/wp-json\/wp\/v2\/pages\/52\/revisions"}],"predecessor-version":[{"id":158,"href":"http:\/\/proyectoscpiocruce.com\/wordpress_proem\/wp-json\/wp\/v2\/pages\/52\/revisions\/158"}],"wp:attachment":[{"href":"http:\/\/proyectoscpiocruce.com\/wordpress_proem\/wp-json\/wp\/v2\/media?parent=52"}],"curies":[{"name":"wp","href":"https:\/\/api.w.org\/{rel}","templated":true}]}}