{"id":63,"date":"2017-02-08T10:26:36","date_gmt":"2017-02-08T10:26:36","guid":{"rendered":"http:\/\/proyectoscpiocruce.com\/BT\/?page_id=63"},"modified":"2017-02-17T07:12:59","modified_gmt":"2017-02-17T07:12:59","slug":"participa","status":"publish","type":"page","link":"http:\/\/proyectoscpiocruce.com\/BT\/es\/participa\/","title":{"rendered":"Participa"},"content":{"rendered":"<p>Si quieres inscribirte, por favor cubre el siguiente formulario completo. <\/p>\n<style>.displaynone {display:none !important}<\/style>\n<div id=\"vfb-form-3\" class=\"visual-form-builder-container\"><form id=\"inscripcion-festival-2018-3\" class=\"visual-form-builder vfb-form-3 \" method=\"post\" enctype=\"multipart\/form-data\">\n\t  \t<input type=\"hidden\" name=\"form_id\" value=\"3\" \/><fieldset class=\"vfb-fieldset vfb-fieldset-1 inscripcion-ii-booktrailer-film-festival-2018 \" id=\"item-vfb-35\"><div class=\"vfb-legend\"><h3>Inscripci\u00f3n II Booktrailer Film Festival 2018<\/h3><\/div><ul class=\"vfb-section vfb-section-1\"><li class=\"vfb-item vfb-item-radio  \" id=\"item-vfb-65\"><label class=\"vfb-desc\">Secci\u00f3n a la que te presentas  <span class=\"vfb-required-asterisk\">*<\/span><\/label><div><span class=\"vfb-span\"><input type=\"radio\" name=\"vfb-65\" id=\"vfb-65-1\" value=\"CEIPs, IES, Centros Integrados de FP\" class=\"vfb-radio  required \" \/><label for=\"vfb-65-1\" class=\"vfb-choice\">CEIPs, IES, Centros Integrados de FP<\/label><\/span><span class=\"vfb-span\"><input type=\"radio\" name=\"vfb-65\" id=\"vfb-65-2\" value=\"Mayores de 18 a\u00f1os\" class=\"vfb-radio  required \" \/><label for=\"vfb-65-2\" class=\"vfb-choice\">Mayores de 18 a\u00f1os<\/label><\/span><div style=\"clear:both\"><\/div><\/div><\/li><li class=\"vfb-item vfb-item-radio  \" id=\"item-vfb-64\"><label class=\"vfb-desc\">Categor\u00eda a concurso  <span class=\"vfb-required-asterisk\">*<\/span><\/label><div><span class=\"vfb-span\"><input type=\"radio\" name=\"vfb-64\" id=\"vfb-64-1\" value=\"Booktrailers\" class=\"vfb-radio  required \" \/><label for=\"vfb-64-1\" class=\"vfb-choice\">Booktrailers<\/label><\/span><div style=\"clear:both\"><\/div><\/div><\/li><\/ul>&nbsp;<\/fieldset><fieldset class=\"vfb-fieldset vfb-fieldset-2 informacion-del-video \" id=\"item-vfb-42\"><div class=\"vfb-legend\"><h3>Informaci\u00f3n del v\u00eddeo<\/h3><\/div><ul class=\"vfb-section vfb-section-2\"><li class=\"vfb-item vfb-item-url  \" id=\"item-vfb-67\"><label for=\"vfb-67\" class=\"vfb-desc\">Enlace al v\u00eddeo  <span class=\"vfb-required-asterisk\">*<\/span><\/label><span class=\"vfb-span\"><input type=\"url\" name=\"vfb-67\" id=\"vfb-67\" value=\"\" class=\"vfb-text  vfb-medium  required  url \" \/><label>Para enviar el v\u00eddeo puedes subirlo a YouTube o Vimeo o usar cualquiera de los siguientes servicios: Wetransfer: www.wetransfer.com Dropbox: www.dropbox.com GoogleDrive: www.drive.google.com\/drive. En cualquier caso, es necesario que pegues aqu\u00ed el enlace de descarga o visionado:<\/label><\/span><\/li><li class=\"vfb-item vfb-item-text  \" id=\"item-vfb-44\"><label for=\"vfb-44\" class=\"vfb-desc\">T\u00edtulo  <span class=\"vfb-required-asterisk\">*<\/span><\/label><input type=\"text\" name=\"vfb-44\" id=\"vfb-44\" value=\"\" class=\"vfb-text  vfb-medium  required  \" \/><\/li><li class=\"vfb-item vfb-item-select  \" id=\"item-vfb-66\"><label for=\"vfb-66\" class=\"vfb-desc\">Duraci\u00f3n  <span class=\"vfb-required-asterisk\">*<\/span><\/label><select name=\"vfb-66\" id=\"vfb-66\" class=\"vfb-select  vfb-medium  required \"><option value=\"1 minuto\">1 minuto<\/option><option value=\"2 minutos\">2 minutos<\/option><option value=\"3 minutos\">3 minutos<\/option><option value=\"4 minutos\">4 minutos<\/option><\/select><\/li><li class=\"vfb-item vfb-item-textarea  \" id=\"item-vfb-49\"><label for=\"vfb-49\" class=\"vfb-desc\">Sinopsis  <span class=\"vfb-required-asterisk\">*<\/span><\/label><div><span class=\"vfb-span\"><label>M\u00e1ximo 150 palabras<\/label><\/span><textarea name=\"vfb-49\" id=\"vfb-49\" class=\"vfb-textarea  vfb-medium  required \"><\/textarea><\/div><\/li><li class=\"vfb-item vfb-item-text  \" id=\"item-vfb-48\"><label for=\"vfb-48\" class=\"vfb-desc\">Idioma\/-s  <span class=\"vfb-required-asterisk\">*<\/span><\/label><input type=\"text\" name=\"vfb-48\" id=\"vfb-48\" value=\"\" class=\"vfb-text  vfb-medium  required  \" \/><\/li><li class=\"vfb-item vfb-item-url  \" id=\"item-vfb-45\"><label for=\"vfb-45\" class=\"vfb-desc\">Subt\u00edtulos <\/label><span class=\"vfb-span\"><input type=\"url\" name=\"vfb-45\" id=\"vfb-45\" value=\"\" class=\"vfb-text  vfb-medium   url \" \/><label>Si los hubiese insertar enlace de descarga: Google Drive, Dropbox, Wetransfer<\/label><\/span><\/li><li class=\"vfb-item vfb-item-textarea  \" id=\"item-vfb-62\"><label for=\"vfb-62\" class=\"vfb-desc\">Material adicional <\/label><div><span class=\"vfb-span\"><label>Es recomendable enviar otros elementos relacionados con el v\u00eddeo: cartel promocional, fotograf\u00edas de making of, fotogramas del v\u00eddeo, biofilmograf\u00eda del director\/a, fotograf\u00eda de director o del equipo, etc. Puedes emplear para ello uno de los servicios arriba citados y pegar el enlace de descarga aqu\u00ed:<\/label><\/span><textarea name=\"vfb-62\" id=\"vfb-62\" class=\"vfb-textarea  vfb-medium  \"><\/textarea><\/div><\/li><\/ul>&nbsp;<\/fieldset><fieldset class=\"vfb-fieldset vfb-fieldset-3 datos-de-la-persona-institucion-participante \" id=\"item-vfb-50\"><div class=\"vfb-legend\"><h3>Datos de la persona\/ Instituci\u00f3n participante<\/h3><\/div><ul class=\"vfb-section vfb-section-3\"><li class=\"vfb-item vfb-item-text  \" id=\"item-vfb-51\"><label for=\"vfb-51\" class=\"vfb-desc\">Nombre y apellidos  <span class=\"vfb-required-asterisk\">*<\/span><\/label><input type=\"text\" name=\"vfb-51\" id=\"vfb-51\" value=\"\" class=\"vfb-text  vfb-medium  required  \" \/><\/li><li class=\"vfb-item vfb-item-text  \" id=\"item-vfb-68\"><label for=\"vfb-68\" class=\"vfb-desc\">Pa\u00eds  <span class=\"vfb-required-asterisk\">*<\/span><\/label><input type=\"text\" name=\"vfb-68\" id=\"vfb-68\" value=\"\" class=\"vfb-text  vfb-medium  required  \" \/><\/li><li class=\"vfb-item vfb-item-select  \" id=\"item-vfb-54\"><label for=\"vfb-54\" class=\"vfb-desc\">Tipo de participante  <span class=\"vfb-required-asterisk\">*<\/span><\/label><select name=\"vfb-54\" id=\"vfb-54\" class=\"vfb-select  vfb-medium  required \"><option value=\"Instituci\u00f3n P\u00fablica\">Instituci\u00f3n P\u00fablica<\/option><option value=\"Instituci\u00f3n Privada\">Instituci\u00f3n Privada<\/option><option value=\"Centro de Primaria\/Secundaria\">Centro de Primaria\/Secundaria<\/option><option value=\"Universidad\">Universidad<\/option><option value=\"Productora\">Productora<\/option><option value=\"Realizador profesional\">Realizador profesional<\/option><option value=\"Particular\">Particular<\/option><\/select><\/li><li class=\"vfb-item vfb-item-text  \" id=\"item-vfb-52\"><label for=\"vfb-52\" class=\"vfb-desc\">Cargo\/-s que ocupa en la obra presentada <\/label><input type=\"text\" name=\"vfb-52\" id=\"vfb-52\" value=\"\" class=\"vfb-text  vfb-medium   \" \/><\/li><li class=\"vfb-item vfb-item-phone  \" id=\"item-vfb-55\"><label for=\"vfb-55\" class=\"vfb-desc\">Tel\u00e9fono  <span class=\"vfb-required-asterisk\">*<\/span><\/label><input type=\"tel\" name=\"vfb-55\" id=\"vfb-55\" value=\"\" class=\"vfb-text  vfb-medium  required  phone \" \/><\/li><li class=\"vfb-item vfb-item-email  \" id=\"item-vfb-56\"><label for=\"vfb-56\" class=\"vfb-desc\">Email  <span class=\"vfb-required-asterisk\">*<\/span><\/label><input type=\"email\" name=\"vfb-56\" id=\"vfb-56\" value=\"\" class=\"vfb-text  vfb-medium  required  email \" \/><\/li><li class=\"vfb-item vfb-item-url  \" id=\"item-vfb-57\"><label for=\"vfb-57\" class=\"vfb-desc\">Web <\/label><span class=\"vfb-span\"><input type=\"url\" name=\"vfb-57\" id=\"vfb-57\" value=\"\" class=\"vfb-text  vfb-medium   url \" \/><label>Web de la obra o del participante (si la hubiese)<\/label><\/span><\/li><li class=\"vfb-item vfb-item-textarea  \" id=\"item-vfb-58\"><label for=\"vfb-58\" class=\"vfb-desc\">Equipo t\u00e9cnico y art\u00edstico del v\u00eddeo <\/label><div><textarea name=\"vfb-58\" id=\"vfb-58\" class=\"vfb-textarea  vfb-medium  \"><\/textarea><\/div><\/li><li class=\"vfb-item vfb-item-checkbox  \" id=\"item-vfb-63\"><label class=\"vfb-desc\">Condiciones generales  <span class=\"vfb-required-asterisk\">*<\/span><\/label><div><span><label>He le\u00eddo, comprendido y acepto las Reglas y normas del Booktrailer Film Festival, \r\ncomo se indica en la web  http:\/\/www.proyectoscpiocruce.com\/wordpress_booktrailer\r\nLa submisi\u00f3n del trabajo autoriza a los organizadores al uso correcto para la exhibici\u00f3n, educaci\u00f3n, propuestas publicitarias relativas al festival y no  se hace responsable  de ninguna reclamaci\u00f3n relacionado con derechos de autor, marca registrada, cr\u00e9ditos o infracci\u00f3n de derechos relacionados con la obra.<\/label><\/span><span class=\"vfb-span\"><input type=\"checkbox\" name=\"vfb-63[]\" id=\"vfb-63-0\" value=\"Acepto condiciones\" class=\"vfb-checkbox  required \" \/><label for=\"vfb-63-0\" class=\"vfb-choice\">Acepto condiciones<\/label><\/span><div style=\"clear:both\"><\/div><\/div><\/li><\/ul>&nbsp;<\/fieldset><fieldset class=\"vfb-fieldset vfb-fieldset-4 enviar \" id=\"item-vfb-36\" style=\"display:block\"><div class=\"vfb-legend\"><h3>Enviar<\/h3><\/div><ul class=\"vfb-section vfb-section-4\"><li class=\"vfb-item vfb-item-secret\"  style=\"display:block\"><label for=\"vfb-37\" class=\"vfb-desc\">Please enter any two digits<\/label><input type=\"hidden\" name=\"_vfb-required-secret\" value=\"0\" \/><input type=\"hidden\" name=\"_vfb-secret\" value=\"vfb-37\" \/><span class=\"vfb-span\"><input type=\"text\" name=\"vfb-37\" id=\"vfb-37\" value=\"\" class=\"vfb-text  vfb-medium  {digits:true,maxlength:2,minlength:2}  displaynone\" style=\"display:block\" \/><label>Example: 12<\/label><\/span><li style=\"display:none;\"><label>Esta caja es para protecci\u00f3n contra el spam - &lt;strong&gt;por favor d\u00e9jalo en blanco&lt;\/strong&gt;:<\/label><div><input name=\"vfb-spam\" \/><\/div><\/li>\n\t\t\t<li class=\"vfb-item vfb-item-submit\" id=\"item-vfb-38\">\n\t\t\t\t<input type=\"submit\" name=\"vfb-submit\" id=\"vfb-38\" value=\"Realizar inscripci\u00f3n\" class=\"vfb-submit  et_pb_contact_submit et_pb_button\" \/>\n\t\t\t\t<\/li><\/ul>\n\t\t\t<\/fieldset><input type=\"hidden\" name=\"_wp_http_referer\" value=\"\/BT\/wp-json\/wp\/v2\/pages\/63\" \/><\/form><\/div> <!-- .visual-form-builder-container -->\n","protected":false},"excerpt":{"rendered":"<p>Sigue los pasos a continuaci\u00f3n para inscribirte en el festival de cine BT-2017.<\/p>\n<p>Elige en primer lugar la categor\u00eda a la que te presentas<\/p>\n","protected":false},"author":1,"featured_media":65,"parent":0,"menu_order":1,"comment_status":"closed","ping_status":"closed","template":"","meta":{"footnotes":""},"_links":{"self":[{"href":"http:\/\/proyectoscpiocruce.com\/BT\/wp-json\/wp\/v2\/pages\/63"}],"collection":[{"href":"http:\/\/proyectoscpiocruce.com\/BT\/wp-json\/wp\/v2\/pages"}],"about":[{"href":"http:\/\/proyectoscpiocruce.com\/BT\/wp-json\/wp\/v2\/types\/page"}],"author":[{"embeddable":true,"href":"http:\/\/proyectoscpiocruce.com\/BT\/wp-json\/wp\/v2\/users\/1"}],"replies":[{"embeddable":true,"href":"http:\/\/proyectoscpiocruce.com\/BT\/wp-json\/wp\/v2\/comments?post=63"}],"version-history":[{"count":12,"href":"http:\/\/proyectoscpiocruce.com\/BT\/wp-json\/wp\/v2\/pages\/63\/revisions"}],"predecessor-version":[{"id":207,"href":"http:\/\/proyectoscpiocruce.com\/BT\/wp-json\/wp\/v2\/pages\/63\/revisions\/207"}],"wp:featuredmedia":[{"embeddable":true,"href":"http:\/\/proyectoscpiocruce.com\/BT\/wp-json\/wp\/v2\/media\/65"}],"wp:attachment":[{"href":"http:\/\/proyectoscpiocruce.com\/BT\/wp-json\/wp\/v2\/media?parent=63"}],"curies":[{"name":"wp","href":"https:\/\/api.w.org\/{rel}","templated":true}]}}