{"id":4,"date":"2017-02-02T12:54:45","date_gmt":"2017-02-02T12:54:45","guid":{"rendered":"http:\/\/proyectoscpiocruce.com\/BT\/?page_id=4"},"modified":"2018-03-15T11:32:05","modified_gmt":"2018-03-15T11:32:05","slug":"inicio","status":"publish","type":"page","link":"http:\/\/proyectoscpiocruce.com\/BT\/es\/inicio\/","title":{"rendered":"Inicio"},"content":{"rendered":"<p>[et_pb_section admin_label=\u00bbsection\u00bb transparent_background=\u00bboff\u00bb allow_player_pause=\u00bboff\u00bb inner_shadow=\u00bboff\u00bb parallax=\u00bboff\u00bb parallax_method=\u00bbon\u00bb make_fullwidth=\u00bboff\u00bb use_custom_width=\u00bboff\u00bb width_unit=\u00bboff\u00bb custom_width_px=\u00bb1080px\u00bb custom_width_percent=\u00bb80%\u00bb make_equal=\u00bboff\u00bb use_custom_gutter=\u00bboff\u00bb fullwidth=\u00bbon\u00bb specialty=\u00bboff\u00bb disabled=\u00bboff\u00bb][et_pb_fullwidth_slider admin_label=\u00bbFullwidth Slider\u00bb show_arrows=\u00bbon\u00bb show_pagination=\u00bboff\u00bb auto=\u00bbon\u00bb auto_speed=\u00bb7000&#8243; auto_ignore_hover=\u00bboff\u00bb parallax=\u00bboff\u00bb parallax_method=\u00bboff\u00bb remove_inner_shadow=\u00bboff\u00bb background_position=\u00bbdefault\u00bb background_size=\u00bbdefault\u00bb hide_content_on_mobile=\u00bboff\u00bb hide_cta_on_mobile=\u00bboff\u00bb show_image_video_mobile=\u00bboff\u00bb custom_button=\u00bboff\u00bb button_use_icon=\u00bbon\u00bb button_icon_placement=\u00bbright\u00bb button_on_hover=\u00bbon\u00bb button_letter_spacing_hover=\u00bb0&#8243; disabled=\u00bboff\u00bb button_letter_spacing=\u00bb0&#8243;]<\/p>\n<p>[et_pb_slide heading=\u00bbFestival de Cine BT-2018&#8243; background_image=\u00bbhttp:\/\/proyectoscpiocruce.com\/BT\/wp-content\/uploads\/2017\/02\/cinema.jpg\u00bb background_position=\u00bbdefault\u00bb background_size=\u00bbdefault\u00bb background_color=\u00bb#8d1bf4&#8243; alignment=\u00bbcenter\u00bb background_layout=\u00bbdark\u00bb allow_player_pause=\u00bboff\u00bb text_border_radius=\u00bb3&#8243; disabled=\u00bboff\u00bb use_bg_overlay=\u00bboff\u00bb use_text_overlay=\u00bboff\u00bb header_font_select=\u00bbdefault\u00bb header_font=\u00bb||||\u00bb body_font_select=\u00bbdefault\u00bb body_font=\u00bb||||\u00bb custom_button=\u00bboff\u00bb button_font_select=\u00bbdefault\u00bb button_font=\u00bb||||\u00bb button_use_icon=\u00bbdefault\u00bb button_icon_placement=\u00bbright\u00bb button_on_hover=\u00bbon\u00bb]<\/p>\n<p>El Booktrailer Film Festival 2018 tendr\u00e1 lugar el 20 y 21 de junio<br \/>\nde 2018 en el Auditorio de Cerceda (provincia de A Coru\u00f1a, Espa\u00f1a)<\/p>\n<p>[\/et_pb_slide]<\/p>\n<p>[\/et_pb_fullwidth_slider][\/et_pb_section][et_pb_section admin_label=\u00bbsection\u00bb transparent_background=\u00bboff\u00bb allow_player_pause=\u00bboff\u00bb inner_shadow=\u00bboff\u00bb parallax=\u00bboff\u00bb parallax_method=\u00bbon\u00bb make_fullwidth=\u00bboff\u00bb use_custom_width=\u00bboff\u00bb width_unit=\u00bboff\u00bb custom_width_px=\u00bb1080px\u00bb custom_width_percent=\u00bb80%\u00bb make_equal=\u00bboff\u00bb use_custom_gutter=\u00bboff\u00bb fullwidth=\u00bboff\u00bb specialty=\u00bboff\u00bb disabled=\u00bboff\u00bb][et_pb_row admin_label=\u00bbFila\u00bb][et_pb_column type=\u00bb4_4&#8243;][et_pb_button admin_label=\u00bbBot\u00f3n\u00bb button_url=\u00bb\/BT\/participa\u00bb url_new_window=\u00bboff\u00bb button_text=\u00bb\u00a1\u00a1 Participa !!\u00bb button_alignment=\u00bbcenter\u00bb background_layout=\u00bblight\u00bb custom_button=\u00bboff\u00bb button_letter_spacing=\u00bb0&#8243; button_use_icon=\u00bbdefault\u00bb button_icon_placement=\u00bbright\u00bb button_on_hover=\u00bbon\u00bb button_letter_spacing_hover=\u00bb0&#8243;]<\/p>\n<p>&nbsp;<\/p>\n<p>[\/et_pb_button][\/et_pb_column][\/et_pb_row][et_pb_row admin_label=\u00bbrow\u00bb make_fullwidth=\u00bboff\u00bb use_custom_width=\u00bboff\u00bb width_unit=\u00bboff\u00bb custom_width_px=\u00bb1080px\u00bb custom_width_percent=\u00bb80%\u00bb use_custom_gutter=\u00bboff\u00bb gutter_width=\u00bb3&#8243; allow_player_pause=\u00bboff\u00bb parallax=\u00bboff\u00bb parallax_method=\u00bbon\u00bb make_equal=\u00bboff\u00bb parallax_1=\u00bboff\u00bb parallax_method_1=\u00bbon\u00bb parallax_2=\u00bboff\u00bb parallax_method_2=\u00bbon\u00bb parallax_3=\u00bboff\u00bb parallax_method_3=\u00bbon\u00bb parallax_4=\u00bboff\u00bb parallax_method_4=\u00bbon\u00bb disabled=\u00bboff\u00bb][et_pb_column type=\u00bb1_3&#8243;][et_pb_blurb admin_label=\u00bbBlurb\u00bb title=\u00bbBooktrailers\u00bb url_new_window=\u00bboff\u00bb use_icon=\u00bboff\u00bb icon_color=\u00bb#2ea3f2&#8243; use_circle=\u00bboff\u00bb circle_color=\u00bb#2ea3f2&#8243; use_circle_border=\u00bboff\u00bb circle_border_color=\u00bb#2ea3f2&#8243; image=\u00bbhttp:\/\/proyectoscpiocruce.com\/BT\/wp-content\/uploads\/2017\/02\/booktrailer-1.jpg\u00bb icon_placement=\u00bbtop\u00bb animation=\u00bbtop\u00bb background_layout=\u00bblight\u00bb text_orientation=\u00bbcenter\u00bb use_icon_font_size=\u00bboff\u00bb use_border_color=\u00bboff\u00bb border_color=\u00bb#ffffff\u00bb border_style=\u00bbsolid\u00bb disabled=\u00bboff\u00bb]<\/p>\n<p>Resumen en v\u00eddeo de un libro o fragmento del mismo. Duraci\u00f3n m\u00e1xima: 4 minutos.<\/p>\n<p>[\/et_pb_blurb][\/et_pb_column][et_pb_column type=\u00bb1_3&#8243;][et_pb_blurb admin_label=\u00bbBlurb\u00bb title=\u00bbVideoclips\u00bb url_new_window=\u00bboff\u00bb use_icon=\u00bboff\u00bb icon_color=\u00bb#2ea3f2&#8243; use_circle=\u00bboff\u00bb circle_color=\u00bb#2ea3f2&#8243; use_circle_border=\u00bboff\u00bb circle_border_color=\u00bb#2ea3f2&#8243; image=\u00bbhttp:\/\/proyectoscpiocruce.com\/BT\/wp-content\/uploads\/2017\/02\/videoclip.jpg\u00bb icon_placement=\u00bbtop\u00bb animation=\u00bbtop\u00bb background_layout=\u00bblight\u00bb text_orientation=\u00bbcenter\u00bb use_icon_font_size=\u00bboff\u00bb use_border_color=\u00bboff\u00bb border_color=\u00bb#ffffff\u00bb border_style=\u00bbsolid\u00bb disabled=\u00bboff\u00bb]<\/p>\n<p>Expresi\u00f3n audiovisual que acompa\u00f1a a una canci\u00f3n. Duraci\u00f3n m\u00e1xima: 6 minutos.<\/p>\n<p>[\/et_pb_blurb][\/et_pb_column][et_pb_column type=\u00bb1_3&#8243;][et_pb_blurb admin_label=\u00bbBlurb\u00bb title=\u00bbExperiencias did\u00e1cticas\u00bb url_new_window=\u00bboff\u00bb use_icon=\u00bboff\u00bb icon_color=\u00bb#2ea3f2&#8243; use_circle=\u00bboff\u00bb circle_color=\u00bb#2ea3f2&#8243; use_circle_border=\u00bboff\u00bb circle_border_color=\u00bb#2ea3f2&#8243; image=\u00bbhttp:\/\/proyectoscpiocruce.com\/BT\/wp-content\/uploads\/2017\/02\/videodidactico.jpg\u00bb icon_placement=\u00bbtop\u00bb animation=\u00bbtop\u00bb background_layout=\u00bblight\u00bb text_orientation=\u00bbcenter\u00bb use_icon_font_size=\u00bboff\u00bb use_border_color=\u00bboff\u00bb border_color=\u00bb#ffffff\u00bb border_style=\u00bbsolid\u00bb disabled=\u00bboff\u00bb]<\/p>\n<p>Pieza audiovisual con claro objetivo did\u00e1ctico. Duraci\u00f3n m\u00e1xima: 8 minutos.<\/p>\n<p>[\/et_pb_blurb][\/et_pb_column][\/et_pb_row][\/et_pb_section]<\/p>\n","protected":false},"excerpt":{"rendered":"<p>Bienvenido al festival de cine BT-2017<\/p>\n","protected":false},"author":1,"featured_media":0,"parent":0,"menu_order":0,"comment_status":"closed","ping_status":"closed","template":"","meta":{"footnotes":""},"_links":{"self":[{"href":"http:\/\/proyectoscpiocruce.com\/BT\/wp-json\/wp\/v2\/pages\/4"}],"collection":[{"href":"http:\/\/proyectoscpiocruce.com\/BT\/wp-json\/wp\/v2\/pages"}],"about":[{"href":"http:\/\/proyectoscpiocruce.com\/BT\/wp-json\/wp\/v2\/types\/page"}],"author":[{"embeddable":true,"href":"http:\/\/proyectoscpiocruce.com\/BT\/wp-json\/wp\/v2\/users\/1"}],"replies":[{"embeddable":true,"href":"http:\/\/proyectoscpiocruce.com\/BT\/wp-json\/wp\/v2\/comments?post=4"}],"version-history":[{"count":36,"href":"http:\/\/proyectoscpiocruce.com\/BT\/wp-json\/wp\/v2\/pages\/4\/revisions"}],"predecessor-version":[{"id":260,"href":"http:\/\/proyectoscpiocruce.com\/BT\/wp-json\/wp\/v2\/pages\/4\/revisions\/260"}],"wp:attachment":[{"href":"http:\/\/proyectoscpiocruce.com\/BT\/wp-json\/wp\/v2\/media?parent=4"}],"curies":[{"name":"wp","href":"https:\/\/api.w.org\/{rel}","templated":true}]}}