{"id":2,"date":"2017-02-02T13:52:52","date_gmt":"2017-02-02T13:52:52","guid":{"rendered":"http:\/\/proyectoscpiocruce.com\/BT\/?page_id=2"},"modified":"2018-03-15T11:11:26","modified_gmt":"2018-03-15T11:11:26","slug":"bases","status":"publish","type":"page","link":"http:\/\/proyectoscpiocruce.com\/BT\/es\/bases\/","title":{"rendered":"Bases"},"content":{"rendered":"<p>[et_pb_section admin_label=\u00bbsection\u00bb][et_pb_row admin_label=\u00bbrow\u00bb][et_pb_column type=\u00bb4_4&#8243;][et_pb_post_title admin_label=\u00bbT\u00edtulo de publicaci\u00f3n\u00bb title=\u00bbon\u00bb meta=\u00bboff\u00bb author=\u00bbon\u00bb date=\u00bbon\u00bb categories=\u00bbon\u00bb comments=\u00bbon\u00bb featured_image=\u00bboff\u00bb featured_placement=\u00bbbelow\u00bb parallax_effect=\u00bbon\u00bb parallax_method=\u00bbon\u00bb text_orientation=\u00bbleft\u00bb text_color=\u00bbdark\u00bb text_background=\u00bboff\u00bb text_bg_color=\u00bbrgba(255,255,255,0.9)\u00bb use_border_color=\u00bboff\u00bb border_color=\u00bb#ffffff\u00bb border_style=\u00bbsolid\u00bb]<br \/>\n[\/et_pb_post_title][et_pb_text admin_label=\u00bbTexto\u00bb background_layout=\u00bblight\u00bb text_orientation=\u00bbleft\u00bb use_border_color=\u00bboff\u00bb border_color=\u00bb#ffffff\u00bb border_style=\u00bbsolid\u00bb]<\/p>\n<p><strong>El\u00a0Booktrailer Film Festival<\/strong> tendr\u00e1 lugar del 20 al 21 de junio de 2018 en la provincia de A Coru\u00f1a (Galicia, Espa\u00f1a), en el Auditorio de Cerceda.<\/p>\n<p>Este festival es un evento que da continuidad al \u00abI BOOKTRAILER FILM FESTIVAL\u00bb, celebrado en 2017.<\/p>\n<p>Para ver toda la informaci\u00f3n y las bases haz click en el siguiente bot\u00f3n.<\/p>\n<p>[\/et_pb_text][et_pb_button admin_label=\u00bbBot\u00f3n\u00bb button_url=\u00bbhttp:\/\/proyectoscpiocruce.com\/BT\/wp-content\/uploads\/2018\/03\/Bases_BT2018.pdf\u00bb url_new_window=\u00bbon\u00bb button_text=\u00bbVer o descargar las Bases del concurso en archivo PDF\u00bb button_alignment=\u00bbcenter\u00bb background_layout=\u00bblight\u00bb custom_button=\u00bboff\u00bb button_letter_spacing=\u00bb0&#8243; button_use_icon=\u00bbdefault\u00bb button_icon_placement=\u00bbright\u00bb button_on_hover=\u00bbon\u00bb button_letter_spacing_hover=\u00bb0&#8243;]<br \/>\n[\/et_pb_button][et_pb_text admin_label=\u00bbTexto\u00bb background_layout=\u00bblight\u00bb text_orientation=\u00bbleft\u00bb use_border_color=\u00bboff\u00bb border_color=\u00bb#ffffff\u00bb border_style=\u00bbsolid\u00bb]<\/p>\n<p><em><br \/>\nEste proyecto ha sido fundado con la ayuda de la Comisi\u00f3n Europea.<\/em><br \/>\n<em> Esta publicaci\u00f3n representa s\u00f3lo el punto de vista del autor y la Comisi\u00f3n no se hace responsable por el uso que se haga\u00a0 de la informaci\u00f3n en ella contenida.<\/em><\/p>\n<p>[\/et_pb_text][\/et_pb_column][\/et_pb_row][\/et_pb_section]<\/p>\n","protected":false},"excerpt":{"rendered":"<p>[et_pb_section admin_label=\u00bbsection\u00bb][et_pb_row admin_label=\u00bbrow\u00bb][et_pb_column type=\u00bb4_4&#8243;][et_pb_post_title admin_label=\u00bbT\u00edtulo de publicaci\u00f3n\u00bb title=\u00bbon\u00bb meta=\u00bboff\u00bb author=\u00bbon\u00bb date=\u00bbon\u00bb categories=\u00bbon\u00bb comments=\u00bbon\u00bb featured_image=\u00bboff\u00bb featured_placement=\u00bbbelow\u00bb parallax_effect=\u00bbon\u00bb parallax_method=\u00bbon\u00bb text_orientation=\u00bbleft\u00bb text_color=\u00bbdark\u00bb text_background=\u00bboff\u00bb text_bg_color=\u00bbrgba(255,255,255,0.9)\u00bb use_border_color=\u00bboff\u00bb border_color=\u00bb#ffffff\u00bb border_style=\u00bbsolid\u00bb] [\/et_pb_post_title][et_pb_text admin_label=\u00bbTexto\u00bb background_layout=\u00bblight\u00bb text_orientation=\u00bbleft\u00bb use_border_color=\u00bboff\u00bb border_color=\u00bb#ffffff\u00bb border_style=\u00bbsolid\u00bb] El\u00a0Booktrailer Film Festival tendr\u00e1 lugar del 20 al 21 de junio de 2018 en la provincia de A Coru\u00f1a (Galicia, Espa\u00f1a), en el Auditorio [&hellip;]<\/p>\n","protected":false},"author":1,"featured_media":0,"parent":0,"menu_order":0,"comment_status":"open","ping_status":"open","template":"","meta":{"footnotes":""},"_links":{"self":[{"href":"http:\/\/proyectoscpiocruce.com\/BT\/wp-json\/wp\/v2\/pages\/2"}],"collection":[{"href":"http:\/\/proyectoscpiocruce.com\/BT\/wp-json\/wp\/v2\/pages"}],"about":[{"href":"http:\/\/proyectoscpiocruce.com\/BT\/wp-json\/wp\/v2\/types\/page"}],"author":[{"embeddable":true,"href":"http:\/\/proyectoscpiocruce.com\/BT\/wp-json\/wp\/v2\/users\/1"}],"replies":[{"embeddable":true,"href":"http:\/\/proyectoscpiocruce.com\/BT\/wp-json\/wp\/v2\/comments?post=2"}],"version-history":[{"count":12,"href":"http:\/\/proyectoscpiocruce.com\/BT\/wp-json\/wp\/v2\/pages\/2\/revisions"}],"predecessor-version":[{"id":249,"href":"http:\/\/proyectoscpiocruce.com\/BT\/wp-json\/wp\/v2\/pages\/2\/revisions\/249"}],"wp:attachment":[{"href":"http:\/\/proyectoscpiocruce.com\/BT\/wp-json\/wp\/v2\/media?parent=2"}],"curies":[{"name":"wp","href":"https:\/\/api.w.org\/{rel}","templated":true}]}}